{"id":10905,"date":"2024-04-24T13:19:23","date_gmt":"2024-04-24T13:19:23","guid":{"rendered":"https:\/\/www.hotel-lelonca-corse.com\/actualites\/"},"modified":"2024-07-22T15:58:30","modified_gmt":"2024-07-22T13:58:30","slug":"news","status":"publish","type":"page","link":"https:\/\/www.hotel-lelonca-corse.com\/en\/news\/","title":{"rendered":"News"},"content":{"rendered":"<p>[et_pb_section fb_built=&#8221;1&#8243; admin_label=&#8221;Section&#8221; module_class=&#8221;h1-titre-section&#8221; _builder_version=&#8221;4.16&#8243; use_background_color_gradient=&#8221;on&#8221; background_color_gradient_stops=&#8221;rgba(0,0,0,0.4) 0%|rgba(0,0,0,0.2) 100%&#8221; background_color_gradient_overlays_image=&#8221;on&#8221; background_color_gradient_start=&#8221;rgba(0,0,0,0.4)&#8221; background_color_gradient_end=&#8221;rgba(0,0,0,0.2)&#8221; background_image=&#8221;https:\/\/www.hotel-lelonca-corse.com\/wp-content\/uploads\/2019\/02\/Hotel-Le-Lonca-H1-Piscine-Parasol.jpg&#8221; custom_padding=&#8221;0px||0px||true&#8221; global_colors_info=&#8221;{}&#8221; locked=&#8221;off&#8221;][et_pb_row custom_padding_last_edited=&#8221;off|desktop&#8221; module_class=&#8221;h1-titre-row&#8221; _builder_version=&#8221;4.26.1&#8243; custom_padding=&#8221;0px|0px|40px|0px|false|false&#8221; custom_padding_tablet=&#8221;||||false|false&#8221; global_colors_info=&#8221;{}&#8221;][et_pb_column type=&#8221;4_4&#8243; _builder_version=&#8221;4.16&#8243; custom_padding=&#8221;|||&#8221; global_colors_info=&#8221;{}&#8221; custom_padding__hover=&#8221;|||&#8221;][et_pb_image src=&#8221;https:\/\/www.hotel-lelonca-corse.com\/wp-content\/uploads\/2024\/07\/logo__lonca__white.png&#8221; alt=&#8221;Logo H\u00f4tel Le Lonca &#8211; White&#8221; title_text=&#8221;Logo H\u00f4tel Le Lonca &#8211; White&#8221; align=&#8221;center&#8221; admin_label=&#8221;Image&#8221; _builder_version=&#8221;4.26.1&#8243; _module_preset=&#8221;default&#8221; width=&#8221;100px&#8221; global_colors_info=&#8221;{}&#8221;][\/et_pb_image][et_pb_text module_class=&#8221;h1-titre-module&#8221; _builder_version=&#8221;4.26.1&#8243; text_font=&#8221;||||||||&#8221; header_font=&#8221;Montserrat|300||||on|||&#8221; header_text_color=&#8221;#ffffff&#8221; custom_margin=&#8221;0px||||false|false&#8221; hover_enabled=&#8221;0&#8243; header_font_size_tablet=&#8221;20px&#8221; header_font_size_phone=&#8221;&#8221; header_font_size_last_edited=&#8221;on|desktop&#8221; global_colors_info=&#8221;{}&#8221; sticky_enabled=&#8221;0&#8243;]<\/p>\n<hr style=\"width: 25px;\"\/>\n<h1 style=\"text-align: center;\">News<\/h1>\n<p>[\/et_pb_text][\/et_pb_column][\/et_pb_row][\/et_pb_section][et_pb_section fb_built=&#8221;1&#8243; custom_padding_last_edited=&#8221;on|phone&#8221; module_id=&#8221;discover&#8221; _builder_version=&#8221;4.16&#8243; custom_margin=&#8221;||&#8221; custom_padding=&#8221;45px|0px|35px|0px|false|false&#8221; custom_padding_tablet=&#8221;0px|||&#8221; custom_padding_phone=&#8221;&#8221; global_colors_info=&#8221;{}&#8221;][et_pb_row use_custom_gutter=&#8221;on&#8221; gutter_width=&#8221;1&#8243; module_class=&#8221;homepage-3rcs-row&#8221; _builder_version=&#8221;4.16&#8243; max_width=&#8221;1280px&#8221; custom_padding=&#8221;0|0px|0|0|false|false&#8221; use_custom_width=&#8221;on&#8221; custom_width_px=&#8221;1280px&#8221; locked=&#8221;off&#8221; global_colors_info=&#8221;{}&#8221;][et_pb_column type=&#8221;4_4&#8243; _builder_version=&#8221;4.16&#8243; custom_padding=&#8221;|||&#8221; global_colors_info=&#8221;{}&#8221; custom_padding__hover=&#8221;|||&#8221;][et_pb_text _builder_version=&#8221;4.16&#8243; _module_preset=&#8221;default&#8221; background_color=&#8221;#D6D6D6&#8243; width=&#8221;100%&#8221; custom_margin=&#8221;||20px||false|false&#8221; custom_padding=&#8221;20px||20px||false|false&#8221; global_colors_info=&#8221;{}&#8221;]<\/p>\n<p style=\"text-align: center;\">No news is available at the moment. Check back later!<\/p>\n<p>[\/et_pb_text][\/et_pb_column][\/et_pb_row][et_pb_row column_structure=&#8221;1_3,1_3,1_3&#8243; use_custom_gutter=&#8221;on&#8221; gutter_width=&#8221;1&#8243; disabled_on=&#8221;on|on|on&#8221; module_class=&#8221;homepage-3rcs-row&#8221; _builder_version=&#8221;4.16&#8243; max_width=&#8221;1280px&#8221; custom_padding=&#8221;0|0px|0|0|false|false&#8221; use_custom_width=&#8221;on&#8221; custom_width_px=&#8221;1280px&#8221; disabled=&#8221;on&#8221; global_colors_info=&#8221;{}&#8221;][et_pb_column type=&#8221;1_3&#8243; _builder_version=&#8221;4.16&#8243; custom_padding=&#8221;|||&#8221; global_colors_info=&#8221;{}&#8221; custom_padding__hover=&#8221;|||&#8221;][et_pb_text admin_label=&#8221;Actualit\u00e9&#8221; module_class=&#8221;homepage-region-module&#8221; _builder_version=&#8221;4.16&#8243; text_font=&#8221;Montserrat|500|||||||&#8221; text_text_color=&#8221;#ffffff&#8221; header_font=&#8221;||||||||&#8221; header_3_font=&#8221;Montserrat|||||on|||&#8221; header_3_text_color=&#8221;#ffffff&#8221; use_background_color_gradient=&#8221;on&#8221; background_color_gradient_stops=&#8221;rgba(0,0,0,0.2) 0%|rgba(0,0,0,0.2) 100%&#8221; background_color_gradient_overlays_image=&#8221;on&#8221; background_color_gradient_start=&#8221;rgba(0,0,0,0.2)&#8221; background_color_gradient_end=&#8221;rgba(0,0,0,0.2)&#8221; background_image=&#8221;https:\/\/www.hotel-lelonca-corse.com\/wp-content\/uploads\/2019\/02\/Hotel-Le-Lonca-Porto-home.jpg&#8221; link_option_url=&#8221;lien de l&#8217;actualit\u00e9&#8221; global_colors_info=&#8221;{}&#8221;]<\/p>\n<p class=\"p1\" style=\"text-align: center;\">ACTUALIT\u00c9<\/p>\n<h3 class=\"p1\" style=\"text-align: center;\">Titre de l&#8217;actualit\u00e9<\/h3>\n<p>[\/et_pb_text][\/et_pb_column][et_pb_column type=&#8221;1_3&#8243; _builder_version=&#8221;4.16&#8243; custom_padding=&#8221;|||&#8221; global_colors_info=&#8221;{}&#8221; custom_padding__hover=&#8221;|||&#8221;][et_pb_text admin_label=&#8221;Actualit\u00e9&#8221; module_class=&#8221;homepage-rooms-module&#8221; _builder_version=&#8221;4.16&#8243; text_font=&#8221;Montserrat||||||||&#8221; text_text_color=&#8221;#ffffff&#8221; header_font=&#8221;||||||||&#8221; header_3_font=&#8221;Montserrat|||||on|||&#8221; header_3_text_color=&#8221;#ffffff&#8221; use_background_color_gradient=&#8221;on&#8221; background_color_gradient_stops=&#8221;rgba(0,0,0,0.2) 0%|rgba(0,0,0,0.2) 100%&#8221; background_color_gradient_overlays_image=&#8221;on&#8221; background_color_gradient_start=&#8221;rgba(0,0,0,0.2)&#8221; background_color_gradient_end=&#8221;rgba(0,0,0,0.2)&#8221; background_image=&#8221;https:\/\/www.hotel-lelonca-corse.com\/wp-content\/uploads\/2019\/02\/Hotel-Le-Lonca-Chambres-Homepage-RCS.jpg&#8221; global_colors_info=&#8221;{}&#8221;]<\/p>\n<p class=\"p1\" style=\"text-align: center;\">ACTUALIT\u00c9<\/p>\n<h3 class=\"p1\" style=\"text-align: center;\">Titre de l&#8217;actualit\u00e9<\/h3>\n<p>[\/et_pb_text][\/et_pb_column][et_pb_column type=&#8221;1_3&#8243; _builder_version=&#8221;4.16&#8243; custom_padding=&#8221;|||&#8221; global_colors_info=&#8221;{}&#8221; custom_padding__hover=&#8221;|||&#8221;][et_pb_text admin_label=&#8221;Actualit\u00e9&#8221; module_class=&#8221;homepage-services-module&#8221; _builder_version=&#8221;4.16&#8243; text_font=&#8221;Montserrat||||||||&#8221; text_text_color=&#8221;#ffffff&#8221; header_font=&#8221;||||||||&#8221; header_text_color=&#8221;#ffffff&#8221; header_3_font=&#8221;Montserrat|||||on|||&#8221; header_3_text_color=&#8221;#ffffff&#8221; use_background_color_gradient=&#8221;on&#8221; background_color_gradient_stops=&#8221;rgba(0,0,0,0.2) 0%|rgba(0,0,0,0.2) 100%&#8221; background_color_gradient_overlays_image=&#8221;on&#8221; background_color_gradient_start=&#8221;rgba(0,0,0,0.2)&#8221; background_color_gradient_end=&#8221;rgba(0,0,0,0.2)&#8221; background_image=&#8221;https:\/\/www.hotel-lelonca-corse.com\/wp-content\/uploads\/2019\/02\/Hotel-Le-Lonca-Services-Homepage-RCS.jpg&#8221; global_colors_info=&#8221;{}&#8221;]<\/p>\n<p class=\"p1\" style=\"text-align: center;\">ACTUALIT\u00c9<\/p>\n<h3 class=\"p1\" style=\"text-align: center;\">Titre de l&#8217;actualit\u00e9<\/h3>\n<p>[\/et_pb_text][\/et_pb_column][\/et_pb_row][\/et_pb_section][et_pb_section fb_built=&#8221;1&#8243; disabled_on=&#8221;on|on|off&#8221; admin_label=&#8221;Main Footer DESKTOP&#8221; module_class=&#8221;footer-section&#8221; _builder_version=&#8221;4.16&#8243; custom_margin=&#8221;||&#8221; custom_padding=&#8221;0|0px|0|0px|true|false&#8221; saved_tabs=&#8221;all&#8221; collapsed=&#8221;off&#8221; global_colors_info=&#8221;{}&#8221;][et_pb_row column_structure=&#8221;1_3,1_3,1_3&#8243; module_class=&#8221;footer-row&#8221; _builder_version=&#8221;4.16&#8243; max_width=&#8221;1280px&#8221; custom_padding=&#8221;15px|0px|15px|0px|true|false&#8221; use_custom_width=&#8221;on&#8221; custom_width_px=&#8221;1280px&#8221; global_colors_info=&#8221;{}&#8221;][et_pb_column type=&#8221;1_3&#8243; _builder_version=&#8221;4.16&#8243; custom_padding=&#8221;|||&#8221; global_colors_info=&#8221;{}&#8221; custom_padding__hover=&#8221;|||&#8221;][et_pb_image src=&#8221;https:\/\/www.hotel-lelonca-corse.com\/wp-content\/uploads\/2019\/02\/logo-Le-Lonca.png&#8221; url=&#8221;\/&#8221; align_tablet=&#8221;center&#8221; align_phone=&#8221;&#8221; align_last_edited=&#8221;on|desktop&#8221; admin_label=&#8221;Logo Le Lonca&#8221; _builder_version=&#8221;4.16&#8243; global_colors_info=&#8221;{}&#8221;][\/et_pb_image][\/et_pb_column][et_pb_column type=&#8221;1_3&#8243; _builder_version=&#8221;4.16&#8243; custom_padding=&#8221;|||&#8221; global_colors_info=&#8221;{}&#8221; custom_padding__hover=&#8221;|||&#8221;][et_pb_text admin_label=&#8221;Adresse + Tel + Mail&#8221; _builder_version=&#8221;4.16&#8243; text_font=&#8221;Montserrat|300|||||||&#8221; global_colors_info=&#8221;{}&#8221;]<\/p>\n<p style=\"text-align: center;\"><a href=\"\/contact-et-acces\/\">Route de la Marine 20150 Porto, Corse<\/a><\/p>\n<p style=\"text-align: center;\"><a href=\"tel:+33495261644\"><img loading=\"lazy\" decoding=\"async\" src=\"\/wp-content\/uploads\/2019\/02\/Le-Lonca-Phone.png\" width=\"12\" height=\"12\" alt=\"\" class=\"wp-image-10133 alignnone size-full\" \/> +33 (0)4 95 26 16 44<\/a><\/p>\n<p style=\"text-align: center;\"><a href=\"mailto:hotel.lelonca@wanadoo.fr\"><img loading=\"lazy\" decoding=\"async\" src=\"\/wp-content\/uploads\/2019\/02\/Le-Lonca-Mail.png\" width=\"12\" height=\"12\" alt=\"\" class=\"wp-image-10133 alignnone size-full\" \/> hotel.lelonca@wanadoo.fr<\/a><\/p>\n<p>[\/et_pb_text][\/et_pb_column][et_pb_column type=&#8221;1_3&#8243; _builder_version=&#8221;4.16&#8243; custom_padding=&#8221;|||&#8221; global_colors_info=&#8221;{}&#8221; custom_padding__hover=&#8221;|||&#8221;][et_pb_text admin_label=&#8221;Mentions L\u00e9gales + CGV + Altelis&#8221; _builder_version=&#8221;4.16&#8243; text_font=&#8221;Montserrat|300|||||||&#8221; global_colors_info=&#8221;{}&#8221;]<\/p>\n<p style=\"text-align: right;\"><a href=\"\/mentions-legales\">Mentions l\u00e9gales<\/a><\/p>\n<p style=\"text-align: right;\"><a href=\"https:\/\/www.altelis.com\" target=\"_blank\" rel=\"noopener noreferrer\">Made by<strong> ALTELIS<\/strong><\/a><\/p>\n<p>[\/et_pb_text][\/et_pb_column][\/et_pb_row][\/et_pb_section][et_pb_section fb_built=&#8221;1&#8243; disabled_on=&#8221;||on&#8221; _builder_version=&#8221;4.16&#8243; background_color=&#8221;#1e1e1e&#8221; custom_padding=&#8221;0px|0px|0px|0px&#8221; custom_css_main_element=&#8221; position: fixed;|| z-index: 9;|| width: 100%;|| bottom: 0;|| height: 50px;&#8221; box_shadow_style=&#8221;preset1&#8243; collapsed=&#8221;on&#8221; global_colors_info=&#8221;{}&#8221;][et_pb_row use_custom_gutter=&#8221;on&#8221; gutter_width=&#8221;1&#8243; _builder_version=&#8221;4.16&#8243; width=&#8221;100%&#8221; max_width=&#8221;100%&#8221; custom_padding=&#8221;9px|0px|15px|0px&#8221; use_custom_width=&#8221;on&#8221; width_unit=&#8221;off&#8221; custom_width_percent=&#8221;100%&#8221; global_colors_info=&#8221;{}&#8221;][et_pb_column type=&#8221;4_4&#8243; _builder_version=&#8221;4.16&#8243; custom_padding=&#8221;|||&#8221; global_colors_info=&#8221;{}&#8221; custom_padding__hover=&#8221;|||&#8221;][et_pb_text admin_label=&#8221;Mobile-Sticky-Footer&#8221; _builder_version=&#8221;4.16&#8243; text_font=&#8221;Montserrat|300|||||||&#8221; text_text_color=&#8221;#977486&#8243; text_font_size=&#8221;16px&#8221; custom_padding=&#8221;7px|20px|20px|20px||true&#8221; global_colors_info=&#8221;{}&#8221;]<\/p>\n<p style=\"text-align: center; display: inline-block;\"><a href=\"mailto:hotel.lelonca@wanadoo.com\" title=\"hotel.lelonca@wanadoo.com\"><img loading=\"lazy\" decoding=\"async\" src=\"\/wp-content\/uploads\/2019\/02\/Le-Lonca-Mail.png\" width=\"15\" height=\"15\" alt=\"\" class=\"wp-image-10131 alignnone size-full\" \/><\/a>\u00a0 \u00a0 \u00a0 \u00a0 \u00a0<a href=\"tel:+33(0))495261644\" title=\"+33 (0)4 95 26 16 44\"><img loading=\"lazy\" decoding=\"async\" src=\"\/wp-content\/uploads\/2019\/02\/Le-Lonca-Phone.png\" width=\"15\" height=\"15\" alt=\"\" class=\"wp-image-10133 alignnone size-full\" \/><\/a>\u00a0 \u00a0 \u00a0 \u00a0 \u00a0<a href=\"\/contact\/\"><img loading=\"lazy\" decoding=\"async\" src=\"\/wp-content\/uploads\/2019\/02\/Le-Lonca-Maps.png\" width=\"15\" height=\"15\" alt=\"\" class=\"wp-image-10132 alignnone size-full\" \/><\/a><\/p>\n<p>[\/et_pb_text][\/et_pb_column][\/et_pb_row][\/et_pb_section]<\/p>\n","protected":false},"excerpt":{"rendered":"<p>NewsNo news is available at the moment. Check back later!ACTUALIT\u00c9 Titre de l&#8217;actualit\u00e9ACTUALIT\u00c9 Titre de l&#8217;actualit\u00e9ACTUALIT\u00c9 Titre de l&#8217;actualit\u00e9Route de la Marine 20150 Porto, Corse +33 (0)4 95 26 16 44 hotel.lelonca@wanadoo.frMentions l\u00e9gales Made by ALTELIS\u00a0 \u00a0 \u00a0 \u00a0 \u00a0\u00a0 \u00a0 \u00a0 \u00a0 \u00a0<\/p>\n","protected":false},"author":1,"featured_media":0,"parent":0,"menu_order":0,"comment_status":"closed","ping_status":"closed","template":"","meta":{"_et_pb_use_builder":"on","_et_pb_old_content":"","_et_gb_content_width":"","footnotes":""},"class_list":["post-10905","page","type-page","status-publish","hentry"],"jetpack_sharing_enabled":true,"_links":{"self":[{"href":"https:\/\/www.hotel-lelonca-corse.com\/en\/wp-json\/wp\/v2\/pages\/10905"}],"collection":[{"href":"https:\/\/www.hotel-lelonca-corse.com\/en\/wp-json\/wp\/v2\/pages"}],"about":[{"href":"https:\/\/www.hotel-lelonca-corse.com\/en\/wp-json\/wp\/v2\/types\/page"}],"author":[{"embeddable":true,"href":"https:\/\/www.hotel-lelonca-corse.com\/en\/wp-json\/wp\/v2\/users\/1"}],"replies":[{"embeddable":true,"href":"https:\/\/www.hotel-lelonca-corse.com\/en\/wp-json\/wp\/v2\/comments?post=10905"}],"version-history":[{"count":8,"href":"https:\/\/www.hotel-lelonca-corse.com\/en\/wp-json\/wp\/v2\/pages\/10905\/revisions"}],"predecessor-version":[{"id":11255,"href":"https:\/\/www.hotel-lelonca-corse.com\/en\/wp-json\/wp\/v2\/pages\/10905\/revisions\/11255"}],"wp:attachment":[{"href":"https:\/\/www.hotel-lelonca-corse.com\/en\/wp-json\/wp\/v2\/media?parent=10905"}],"curies":[{"name":"wp","href":"https:\/\/api.w.org\/{rel}","templated":true}]}}